{"id":267,"date":"2020-02-23T20:02:36","date_gmt":"2020-02-23T19:02:36","guid":{"rendered":"https:\/\/hydrosteoanimaux.com\/?page_id=267"},"modified":"2025-03-25T09:14:54","modified_gmt":"2025-03-25T08:14:54","slug":"tarifs","status":"publish","type":"page","link":"https:\/\/hydrosteoanimaux.com\/index.php\/tarifs\/","title":{"rendered":"Tarifs"},"content":{"rendered":"\t\t<div data-elementor-type=\"wp-post\" data-elementor-id=\"267\" class=\"elementor elementor-267\">\n\t\t\t\t\t\t<section class=\"elementor-section elementor-top-section elementor-element elementor-element-27b7138 elementor-section-full_width elementor-section-height-default elementor-section-height-default\" data-id=\"27b7138\" data-element_type=\"section\">\n\t\t\t\t\t\t<div class=\"elementor-container elementor-column-gap-default\">\n\t\t\t\t\t<div class=\"elementor-column elementor-col-100 elementor-top-column elementor-element elementor-element-dce3e2b\" data-id=\"dce3e2b\" data-element_type=\"column\">\n\t\t\t<div class=\"elementor-widget-wrap elementor-element-populated\">\n\t\t\t\t\t\t<div class=\"elementor-element elementor-element-f6ef247 elementor-widget elementor-widget-wp-widget-maxmegamenu\" data-id=\"f6ef247\" data-element_type=\"widget\" data-widget_type=\"wp-widget-maxmegamenu.default\">\n\t\t\t\t<div class=\"elementor-widget-container\">\n\t\t\t\t\t<div id=\"mega-menu-wrap-max_mega_menu_1\" class=\"mega-menu-wrap\"><div class=\"mega-menu-toggle\"><div class=\"mega-toggle-blocks-left\"><\/div><div class=\"mega-toggle-blocks-center\"><\/div><div class=\"mega-toggle-blocks-right\"><div class='mega-toggle-block mega-menu-toggle-animated-block mega-toggle-block-0' id='mega-toggle-block-0'><button aria-label=\"Toggle Menu\" class=\"mega-toggle-animated mega-toggle-animated-slider\" type=\"button\" aria-expanded=\"false\">\n                  <span class=\"mega-toggle-animated-box\">\n                    <span class=\"mega-toggle-animated-inner\"><\/span>\n                  <\/span>\n                <\/button><\/div><\/div><\/div><ul id=\"mega-menu-max_mega_menu_1\" class=\"mega-menu max-mega-menu mega-menu-horizontal mega-no-js\" data-event=\"hover_intent\" data-effect=\"fade_up\" data-effect-speed=\"200\" data-effect-mobile=\"disabled\" data-effect-speed-mobile=\"0\" data-mobile-force-width=\"false\" data-second-click=\"go\" data-document-click=\"collapse\" data-vertical-behaviour=\"standard\" data-breakpoint=\"768\" data-unbind=\"true\" data-mobile-state=\"collapse_all\" data-mobile-direction=\"vertical\" data-hover-intent-timeout=\"300\" data-hover-intent-interval=\"100\"><li class='mega-menu-item mega-menu-item-type-post_type mega-menu-item-object-page mega-menu-item-home mega-menu-item-has-children mega-align-bottom-left mega-menu-flyout mega-menu-item-117 menu-item' id='mega-menu-item-117'><a class=\"mega-menu-link\" href=\"https:\/\/hydrosteoanimaux.com\/\" aria-expanded=\"false\" tabindex=\"0\">Home<span class=\"mega-indicator\"><\/span><\/a>\n<ul class=\"mega-sub-menu\">\n<li class='mega-menu-item mega-menu-item-type-post_type mega-menu-item-object-page mega-menu-item-118 menu-item' id='mega-menu-item-118'><a class=\"mega-menu-link\" href=\"https:\/\/hydrosteoanimaux.com\/index.php\/cindy-mollard\/\">Cindy Douce<\/a><\/li><\/ul>\n<\/li><li class='mega-menu-item mega-menu-item-type-post_type mega-menu-item-object-page mega-menu-item-has-children mega-align-bottom-left mega-menu-flyout mega-menu-item-128 menu-item' id='mega-menu-item-128'><a class=\"mega-menu-link\" href=\"https:\/\/hydrosteoanimaux.com\/index.php\/hydrotherapie\/\" aria-expanded=\"false\" tabindex=\"0\">Hydroth\u00e9rapie<span class=\"mega-indicator\"><\/span><\/a>\n<ul class=\"mega-sub-menu\">\n<li class='mega-menu-item mega-menu-item-type-post_type mega-menu-item-object-page mega-menu-item-134 menu-item' id='mega-menu-item-134'><a class=\"mega-menu-link\" href=\"https:\/\/hydrosteoanimaux.com\/index.php\/hydrotherapie-avant-une-seance\/\">Avant une s\u00e9ance<\/a><\/li><li class='mega-menu-item mega-menu-item-type-post_type mega-menu-item-object-page mega-menu-item-143 menu-item' id='mega-menu-item-143'><a class=\"mega-menu-link\" href=\"https:\/\/hydrosteoanimaux.com\/index.php\/hydrotherapie-deroulement-dune-seance\/\">D\u00e9roulement d'une s\u00e9ance<\/a><\/li><\/ul>\n<\/li><li class='mega-menu-item mega-menu-item-type-post_type mega-menu-item-object-page mega-menu-item-has-children mega-align-bottom-left mega-menu-flyout mega-menu-item-174 menu-item' id='mega-menu-item-174'><a class=\"mega-menu-link\" href=\"https:\/\/hydrosteoanimaux.com\/index.php\/osteopathie\/\" aria-expanded=\"false\" tabindex=\"0\">Ost\u00e9opathie<span class=\"mega-indicator\"><\/span><\/a>\n<ul class=\"mega-sub-menu\">\n<li class='mega-menu-item mega-menu-item-type-post_type mega-menu-item-object-page mega-menu-item-177 menu-item' id='mega-menu-item-177'><a class=\"mega-menu-link\" href=\"https:\/\/hydrosteoanimaux.com\/index.php\/osteopathie-deroulement-dune-seance\/\">Ost\u00e9opathie - d\u00e9roulement d'une s\u00e9ance<\/a><\/li><\/ul>\n<\/li><li class='mega-menu-item mega-menu-item-type-post_type mega-menu-item-object-page mega-menu-item-has-children mega-align-bottom-left mega-menu-flyout mega-menu-item-193 menu-item' id='mega-menu-item-193'><a class=\"mega-menu-link\" href=\"https:\/\/hydrosteoanimaux.com\/index.php\/pathologies\/\" aria-expanded=\"false\" tabindex=\"0\">Pathologies<span class=\"mega-indicator\"><\/span><\/a>\n<ul class=\"mega-sub-menu\">\n<li class='mega-menu-item mega-menu-item-type-post_type mega-menu-item-object-page mega-menu-item-192 menu-item' id='mega-menu-item-192'><a class=\"mega-menu-link\" href=\"https:\/\/hydrosteoanimaux.com\/index.php\/tendinite\/\">Tendinite<\/a><\/li><li class='mega-menu-item mega-menu-item-type-post_type mega-menu-item-object-page mega-menu-item-201 menu-item' id='mega-menu-item-201'><a class=\"mega-menu-link\" href=\"https:\/\/hydrosteoanimaux.com\/index.php\/dysplasie\/\">Dysplasie<\/a><\/li><\/ul>\n<\/li><li class='mega-menu-item mega-menu-item-type-post_type mega-menu-item-object-page mega-align-bottom-left mega-menu-flyout mega-menu-item-207 menu-item' id='mega-menu-item-207'><a class=\"mega-menu-link\" href=\"https:\/\/hydrosteoanimaux.com\/index.php\/thermographie\/\" tabindex=\"0\">Thermographie<\/a><\/li><li class='mega-menu-item mega-menu-item-type-post_type mega-menu-item-object-page mega-align-bottom-left mega-menu-flyout mega-menu-item-214 menu-item' id='mega-menu-item-214'><a class=\"mega-menu-link\" href=\"https:\/\/hydrosteoanimaux.com\/index.php\/taping\/\" tabindex=\"0\">Taping<\/a><\/li><li class='mega-menu-item mega-menu-item-type-post_type mega-menu-item-object-page mega-align-bottom-left mega-menu-flyout mega-menu-item-400 menu-item' id='mega-menu-item-400'><a class=\"mega-menu-link\" href=\"https:\/\/hydrosteoanimaux.com\/index.php\/location-rolls-dog\/\" tabindex=\"0\">Location Roll's Dog<\/a><\/li><li class='mega-menu-item mega-menu-item-type-post_type mega-menu-item-object-page mega-align-bottom-left mega-menu-flyout mega-menu-item-221 menu-item' id='mega-menu-item-221'><a class=\"mega-menu-link\" href=\"https:\/\/hydrosteoanimaux.com\/index.php\/especes-traitees\/\" tabindex=\"0\">Esp\u00e8ces trait\u00e9es<\/a><\/li><li class='mega-menu-item mega-menu-item-type-post_type mega-menu-item-object-page mega-align-bottom-left mega-menu-flyout mega-menu-item-249 menu-item' id='mega-menu-item-249'><a class=\"mega-menu-link\" href=\"https:\/\/hydrosteoanimaux.com\/index.php\/mes-patients\/\" tabindex=\"0\">Mes patients<\/a><\/li><li class='mega-menu-item mega-menu-item-type-post_type mega-menu-item-object-page mega-align-bottom-left mega-menu-flyout mega-menu-item-166 menu-item' id='mega-menu-item-166'><a class=\"mega-menu-link\" href=\"https:\/\/hydrosteoanimaux.com\/index.php\/livre-dor\/\" tabindex=\"0\">Livre d'or<\/a><\/li><li class='mega-menu-item mega-menu-item-type-post_type mega-menu-item-object-page mega-align-bottom-left mega-menu-flyout mega-menu-item-254 menu-item' id='mega-menu-item-254'><a class=\"mega-menu-link\" href=\"https:\/\/hydrosteoanimaux.com\/index.php\/contact\/\" tabindex=\"0\">Contact<\/a><\/li><li class='mega-menu-item mega-menu-item-type-post_type mega-menu-item-object-page mega-align-bottom-left mega-menu-flyout mega-menu-item-266 menu-item' id='mega-menu-item-266'><a class=\"mega-menu-link\" href=\"https:\/\/hydrosteoanimaux.com\/index.php\/articles\/\" tabindex=\"0\">Articles<\/a><\/li><li class='mega-menu-item mega-menu-item-type-post_type mega-menu-item-object-page mega-align-bottom-left mega-menu-flyout mega-menu-item-271 menu-item' id='mega-menu-item-271'><a class=\"mega-menu-link\" href=\"https:\/\/hydrosteoanimaux.com\/index.php\/tarifs\/\" tabindex=\"0\">Tarifs<\/a><\/li><li class='mega-menu-item mega-menu-item-type-post_type mega-menu-item-object-page mega-align-bottom-left mega-menu-flyout mega-menu-item-119 menu-item' id='mega-menu-item-119'><a class=\"mega-menu-link\" href=\"https:\/\/hydrosteoanimaux.com\/index.php\/bon-a-savoir\/\" tabindex=\"0\">Bon \u00e0 savoir<\/a><\/li><\/ul><\/div>\t\t\t\t<\/div>\n\t\t\t\t<\/div>\n\t\t\t\t\t<\/div>\n\t\t<\/div>\n\t\t\t\t\t<\/div>\n\t\t<\/section>\n\t\t\t\t<section class=\"elementor-section elementor-top-section elementor-element elementor-element-2d9cba9 elementor-section-boxed elementor-section-height-default elementor-section-height-default\" data-id=\"2d9cba9\" data-element_type=\"section\">\n\t\t\t\t\t\t<div class=\"elementor-container elementor-column-gap-default\">\n\t\t\t\t\t<div class=\"elementor-column elementor-col-100 elementor-top-column elementor-element elementor-element-52220a7\" data-id=\"52220a7\" data-element_type=\"column\">\n\t\t\t<div class=\"elementor-widget-wrap elementor-element-populated\">\n\t\t\t\t\t\t<div class=\"elementor-element elementor-element-7527d3a elementor-widget elementor-widget-spacer\" data-id=\"7527d3a\" data-element_type=\"widget\" data-widget_type=\"spacer.default\">\n\t\t\t\t<div class=\"elementor-widget-container\">\n\t\t\t\t\t\t\t<div class=\"elementor-spacer\">\n\t\t\t<div class=\"elementor-spacer-inner\"><\/div>\n\t\t<\/div>\n\t\t\t\t\t\t<\/div>\n\t\t\t\t<\/div>\n\t\t\t\t\t<\/div>\n\t\t<\/div>\n\t\t\t\t\t<\/div>\n\t\t<\/section>\n\t\t\t\t<section class=\"elementor-section elementor-top-section elementor-element elementor-element-8365ce5 elementor-section-height-min-height elementor-section-boxed elementor-section-height-default elementor-section-items-middle\" data-id=\"8365ce5\" data-element_type=\"section\" data-settings=\"{&quot;background_background&quot;:&quot;classic&quot;}\">\n\t\t\t\t\t\t<div class=\"elementor-container elementor-column-gap-default\">\n\t\t\t\t\t<div class=\"elementor-column elementor-col-100 elementor-top-column elementor-element elementor-element-39fdc87\" data-id=\"39fdc87\" data-element_type=\"column\">\n\t\t\t<div class=\"elementor-widget-wrap elementor-element-populated\">\n\t\t\t\t\t\t<section class=\"elementor-section elementor-inner-section elementor-element elementor-element-25a5703 elementor-section-height-min-height elementor-section-content-middle elementor-section-boxed elementor-section-height-default\" data-id=\"25a5703\" data-element_type=\"section\" data-settings=\"{&quot;background_background&quot;:&quot;classic&quot;}\">\n\t\t\t\t\t\t<div class=\"elementor-container elementor-column-gap-default\">\n\t\t\t\t\t<div class=\"elementor-column elementor-col-50 elementor-inner-column elementor-element elementor-element-b49900c\" data-id=\"b49900c\" data-element_type=\"column\">\n\t\t\t<div class=\"elementor-widget-wrap elementor-element-populated\">\n\t\t\t\t\t\t<div class=\"elementor-element elementor-element-bd413b7 elementor-widget elementor-widget-image\" data-id=\"bd413b7\" data-element_type=\"widget\" data-widget_type=\"image.default\">\n\t\t\t\t<div class=\"elementor-widget-container\">\n\t\t\t\t\t\t\t\t\t\t\t\t\t\t\t<img fetchpriority=\"high\" decoding=\"async\" width=\"300\" height=\"168\" src=\"https:\/\/hydrosteoanimaux.com\/wp-content\/uploads\/2025\/03\/logo-gauche-300x168.jpg\" class=\"attachment-medium size-medium wp-image-810\" alt=\"\" srcset=\"https:\/\/hydrosteoanimaux.com\/wp-content\/uploads\/2025\/03\/logo-gauche-300x168.jpg 300w, https:\/\/hydrosteoanimaux.com\/wp-content\/uploads\/2025\/03\/logo-gauche.jpg 371w\" sizes=\"100vw\" \/>\t\t\t\t\t\t\t\t\t\t\t\t\t\t\t<\/div>\n\t\t\t\t<\/div>\n\t\t\t\t\t<\/div>\n\t\t<\/div>\n\t\t\t\t<div class=\"elementor-column elementor-col-50 elementor-inner-column elementor-element elementor-element-e809f26\" data-id=\"e809f26\" data-element_type=\"column\">\n\t\t\t<div class=\"elementor-widget-wrap elementor-element-populated\">\n\t\t\t\t\t\t<div class=\"elementor-element elementor-element-039ccc3 elementor-widget elementor-widget-image\" data-id=\"039ccc3\" data-element_type=\"widget\" data-widget_type=\"image.default\">\n\t\t\t\t<div class=\"elementor-widget-container\">\n\t\t\t\t\t\t\t\t\t\t\t\t\t\t\t<img decoding=\"async\" width=\"300\" height=\"200\" src=\"https:\/\/hydrosteoanimaux.com\/wp-content\/uploads\/2025\/03\/DIV1989-2048x1365-1-300x200.jpg\" class=\"attachment-medium size-medium wp-image-932\" alt=\"\" srcset=\"https:\/\/hydrosteoanimaux.com\/wp-content\/uploads\/2025\/03\/DIV1989-2048x1365-1-300x200.jpg 300w, https:\/\/hydrosteoanimaux.com\/wp-content\/uploads\/2025\/03\/DIV1989-2048x1365-1-1024x683.jpg 1024w, https:\/\/hydrosteoanimaux.com\/wp-content\/uploads\/2025\/03\/DIV1989-2048x1365-1-768x512.jpg 768w, https:\/\/hydrosteoanimaux.com\/wp-content\/uploads\/2025\/03\/DIV1989-2048x1365-1-1536x1024.jpg 1536w, https:\/\/hydrosteoanimaux.com\/wp-content\/uploads\/2025\/03\/DIV1989-2048x1365-1.jpg 2048w\" sizes=\"100vw\" \/>\t\t\t\t\t\t\t\t\t\t\t\t\t\t\t<\/div>\n\t\t\t\t<\/div>\n\t\t\t\t\t<\/div>\n\t\t<\/div>\n\t\t\t\t\t<\/div>\n\t\t<\/section>\n\t\t\t\t\t<\/div>\n\t\t<\/div>\n\t\t\t\t\t<\/div>\n\t\t<\/section>\n\t\t\t\t<section class=\"elementor-section elementor-top-section elementor-element elementor-element-2299417 elementor-section-boxed elementor-section-height-default elementor-section-height-default\" data-id=\"2299417\" data-element_type=\"section\">\n\t\t\t\t\t\t<div class=\"elementor-container elementor-column-gap-default\">\n\t\t\t\t\t<div class=\"elementor-column elementor-col-100 elementor-top-column elementor-element elementor-element-ac14544\" data-id=\"ac14544\" data-element_type=\"column\">\n\t\t\t<div class=\"elementor-widget-wrap elementor-element-populated\">\n\t\t\t\t\t\t<div class=\"elementor-element elementor-element-7212169 elementor-widget elementor-widget-spacer\" data-id=\"7212169\" data-element_type=\"widget\" data-widget_type=\"spacer.default\">\n\t\t\t\t<div class=\"elementor-widget-container\">\n\t\t\t\t\t\t\t<div class=\"elementor-spacer\">\n\t\t\t<div class=\"elementor-spacer-inner\"><\/div>\n\t\t<\/div>\n\t\t\t\t\t\t<\/div>\n\t\t\t\t<\/div>\n\t\t\t\t\t<\/div>\n\t\t<\/div>\n\t\t\t\t\t<\/div>\n\t\t<\/section>\n\t\t\t\t<section class=\"elementor-section elementor-top-section elementor-element elementor-element-bbcedad elementor-section-boxed elementor-section-height-default elementor-section-height-default\" data-id=\"bbcedad\" data-element_type=\"section\" data-settings=\"{&quot;background_background&quot;:&quot;classic&quot;}\">\n\t\t\t\t\t\t<div class=\"elementor-container elementor-column-gap-default\">\n\t\t\t\t\t<div class=\"elementor-column elementor-col-100 elementor-top-column elementor-element elementor-element-a931e18\" data-id=\"a931e18\" data-element_type=\"column\">\n\t\t\t<div class=\"elementor-widget-wrap elementor-element-populated\">\n\t\t\t\t\t\t<div class=\"elementor-element elementor-element-3aa99b2 elementor-widget elementor-widget-heading\" data-id=\"3aa99b2\" data-element_type=\"widget\" data-widget_type=\"heading.default\">\n\t\t\t\t<div class=\"elementor-widget-container\">\n\t\t\t\t\t<h2 class=\"elementor-heading-title elementor-size-default\">Tarifs<\/h2>\t\t\t\t<\/div>\n\t\t\t\t<\/div>\n\t\t\t\t<div class=\"elementor-element elementor-element-c00f5b1 elementor-widget elementor-widget-heading\" data-id=\"c00f5b1\" data-element_type=\"widget\" data-widget_type=\"heading.default\">\n\t\t\t\t<div class=\"elementor-widget-container\">\n\t\t\t\t\t<h2 class=\"elementor-heading-title elementor-size-default\">Ost\u00e9opathie<\/h2>\t\t\t\t<\/div>\n\t\t\t\t<\/div>\n\t\t\t\t<div class=\"elementor-element elementor-element-999667f elementor-widget elementor-widget-text-editor\" data-id=\"999667f\" data-element_type=\"widget\" data-widget_type=\"text-editor.default\">\n\t\t\t\t<div class=\"elementor-widget-container\">\n\t\t\t\t\t\t\t\t\t<p><span style=\"color: #333333;\">Mes tarifs varies selon l&rsquo;esp\u00e8ce trait\u00e9e.<\/span><br><span style=\"color: #333333;\">Les s\u00e9ances sont pay\u00e9es comptant le jour de la consultation.<\/span><br><span style=\"color: #333333;\">Les d\u00e9placements sont factur\u00e9s selon des p\u00e9rim\u00e8tres d\u00e9finis.<\/span><br><span style=\"color: #ff0000;\">Attention depuis 2018 les tarifs seront factur\u00e9s par zones et non plus par rapport au d\u00e9placement, je vous laisse me contacter pour plus d&rsquo;information \u00e0 ce sujet.<\/span><\/p>\n<p><span style=\"color: #000000;\">ANNULATION<\/span><\/p>\n<p><span style=\"color: #333333;\">Les d\u00e9sistements de derni\u00e8res minutes moins de 24h \u00e0 l&rsquo;avance (et le dimanche pour le lundi) seront factur\u00e9es \u00e0 80%.<\/span><\/p>\n<p><span style=\"color: #333333;\">Tout rendez-vous manqu\u00e9s, d\u00e9plac\u00e9s ou annul\u00e9s le jour m\u00eame seront factur\u00e9s \u00e0 100% (ceci comprend aussi le dimanche pour le lundi).<\/span><\/p>\n<p><span style=\"color: #333333;\">Merci de votre compr\u00e9hension.<\/span><\/p>\t\t\t\t\t\t\t\t<\/div>\n\t\t\t\t<\/div>\n\t\t\t\t<div class=\"elementor-element elementor-element-2fe2996 elementor-widget elementor-widget-heading\" data-id=\"2fe2996\" data-element_type=\"widget\" data-widget_type=\"heading.default\">\n\t\t\t\t<div class=\"elementor-widget-container\">\n\t\t\t\t\t<h2 class=\"elementor-heading-title elementor-size-default\">Hydroth\u00e9rapie<\/h2>\t\t\t\t<\/div>\n\t\t\t\t<\/div>\n\t\t\t\t<div class=\"elementor-element elementor-element-b225279 elementor-widget elementor-widget-text-editor\" data-id=\"b225279\" data-element_type=\"widget\" data-widget_type=\"text-editor.default\">\n\t\t\t\t<div class=\"elementor-widget-container\">\n\t\t\t\t\t\t\t\t\t<p><span style=\"color: #333333;\">Les s\u00e9ances d&rsquo;hydroth\u00e9rapies se prennent avec un abonnement de 10 s\u00e9ances \u00e0 un prix pr\u00e9f\u00e9rentiel, mais peuvent \u00eatre aussi prisent individuellement au tarif plein.<\/span><br \/><span style=\"color: #333333;\">Les abonnements sont payables enti\u00e8rement \u00e0 la premi\u00e8re s\u00e9ance et non remboursable en cas de renoncement.<\/span><\/p>\t\t\t\t\t\t\t\t<\/div>\n\t\t\t\t<\/div>\n\t\t\t\t<div class=\"elementor-element elementor-element-0ee1524 elementor-widget elementor-widget-heading\" data-id=\"0ee1524\" data-element_type=\"widget\" data-widget_type=\"heading.default\">\n\t\t\t\t<div class=\"elementor-widget-container\">\n\t\t\t\t\t<h2 class=\"elementor-heading-title elementor-size-default\">Taping<\/h2>\t\t\t\t<\/div>\n\t\t\t\t<\/div>\n\t\t\t\t<div class=\"elementor-element elementor-element-83b5af2 elementor-widget elementor-widget-text-editor\" data-id=\"83b5af2\" data-element_type=\"widget\" data-widget_type=\"text-editor.default\">\n\t\t\t\t<div class=\"elementor-widget-container\">\n\t\t\t\t\t\t\t\t\t<p><span style=\"color: #333333;\">Les s\u00e9ances de taping seront de pr\u00e9f\u00e9rence faite \u00e0 la suite d&rsquo;une s\u00e9ance ost\u00e9opathie pour permettre de travailler sur l&rsquo;entit\u00e9 du corps du patient, et de permettre une action plus pr\u00e9cise du taping, n\u00e9anmoins dans certain cas de suivit il sera possible de faire uniquement des s\u00e9ances de taping lors de pathologie chronique.<br \/>Dans ce cas-ci le d\u00e9placement sera factur\u00e9 selon les m\u00eames conditions qu&rsquo;en ost\u00e9opathie.<\/span><\/p>\t\t\t\t\t\t\t\t<\/div>\n\t\t\t\t<\/div>\n\t\t\t\t<div class=\"elementor-element elementor-element-e425c28 elementor-widget elementor-widget-heading\" data-id=\"e425c28\" data-element_type=\"widget\" data-widget_type=\"heading.default\">\n\t\t\t\t<div class=\"elementor-widget-container\">\n\t\t\t\t\t<h2 class=\"elementor-heading-title elementor-size-default\">Roll's Dog<\/h2>\t\t\t\t<\/div>\n\t\t\t\t<\/div>\n\t\t\t\t<div class=\"elementor-element elementor-element-21d445d elementor-widget elementor-widget-text-editor\" data-id=\"21d445d\" data-element_type=\"widget\" data-widget_type=\"text-editor.default\">\n\t\t\t\t<div class=\"elementor-widget-container\">\n\t\t\t\t\t\t\t\t\t<p>Les voiturettes Roll&rsquo;s dog en notre possession actuellement sont pour des chiens de type Jack Russel (Taille S) et Labrador (Taille M).\u00a0\u00a0<\/p><p>Les Roll&rsquo;s Dog se louent par mois en fonction de la taille de la voiturette.<\/p><p>Chaque voiturette est lou\u00e9e avec un harnais Ruffwear en Y, ergonomique, r\u00e9glable \u00e0 diff\u00e9rent endroit et tr\u00e8s stable. Deux supports de pattes pour les chiens paralys\u00e9s.<\/p><p>Pour plus d&rsquo;information, n&rsquo;h\u00e9sitez pas \u00e0 nous contacter.<\/p>\t\t\t\t\t\t\t\t<\/div>\n\t\t\t\t<\/div>\n\t\t\t\t<div class=\"elementor-element elementor-element-0098f0c elementor-widget elementor-widget-image\" data-id=\"0098f0c\" data-element_type=\"widget\" data-widget_type=\"image.default\">\n\t\t\t\t<div class=\"elementor-widget-container\">\n\t\t\t\t\t\t\t\t\t\t\t\t\t\t\t<img decoding=\"async\" src=\"https:\/\/hydrosteoanimaux.com\/wp-content\/uploads\/2022\/04\/VID-20200703-WA0004.mp4\" title=\"\" alt=\"\" loading=\"lazy\" \/>\t\t\t\t\t\t\t\t\t\t\t\t\t\t\t<\/div>\n\t\t\t\t<\/div>\n\t\t\t\t\t<\/div>\n\t\t<\/div>\n\t\t\t\t\t<\/div>\n\t\t<\/section>\n\t\t\t\t<section class=\"elementor-section elementor-top-section elementor-element elementor-element-253829b elementor-section-boxed elementor-section-height-default elementor-section-height-default\" data-id=\"253829b\" data-element_type=\"section\" data-settings=\"{&quot;background_background&quot;:&quot;classic&quot;}\">\n\t\t\t\t\t\t<div class=\"elementor-container elementor-column-gap-default\">\n\t\t\t\t\t<div class=\"elementor-column elementor-col-100 elementor-top-column elementor-element elementor-element-c483e88\" data-id=\"c483e88\" data-element_type=\"column\">\n\t\t\t<div class=\"elementor-widget-wrap elementor-element-populated\">\n\t\t\t\t\t\t<div class=\"elementor-element elementor-element-bd64531 elementor-widget elementor-widget-text-editor\" data-id=\"bd64531\" data-element_type=\"widget\" data-widget_type=\"text-editor.default\">\n\t\t\t\t<div class=\"elementor-widget-container\">\n\t\t\t\t\t\t\t\t\t<p style=\"text-align: center;\"><span style=\"color: #808080;\"><span style=\"color: #e3ceac;\">Copyright &#8211; hydrosteoanimaux.com<\/span><\/span><\/p>\t\t\t\t\t\t\t\t<\/div>\n\t\t\t\t<\/div>\n\t\t\t\t\t<\/div>\n\t\t<\/div>\n\t\t\t\t\t<\/div>\n\t\t<\/section>\n\t\t\t\t<\/div>\n\t\t","protected":false},"excerpt":{"rendered":"<p>Tarifs Ost\u00e9opathie Mes tarifs varies selon l&rsquo;esp\u00e8ce trait\u00e9e.Les s\u00e9ances sont pay\u00e9es comptant le jour de la consultation.Les d\u00e9placements sont factur\u00e9s selon des p\u00e9rim\u00e8tres d\u00e9finis.Attention depuis 2018 les tarifs seront factur\u00e9s par zones et non plus par rapport au d\u00e9placement, je vous laisse me contacter pour plus d&rsquo;information \u00e0 ce sujet. ANNULATION Les d\u00e9sistements de derni\u00e8res &hellip; <\/p>\n<p class=\"link-more\"><a href=\"https:\/\/hydrosteoanimaux.com\/index.php\/tarifs\/\" class=\"more-link\">Continuer la lecture<span class=\"screen-reader-text\"> de &laquo;&nbsp;Tarifs&nbsp;&raquo;<\/span><\/a><\/p>\n","protected":false},"author":1,"featured_media":0,"parent":0,"menu_order":0,"comment_status":"closed","ping_status":"closed","template":"elementor_canvas","meta":{"footnotes":""},"class_list":["post-267","page","type-page","status-publish","hentry"],"_links":{"self":[{"href":"https:\/\/hydrosteoanimaux.com\/index.php\/wp-json\/wp\/v2\/pages\/267","targetHints":{"allow":["GET"]}}],"collection":[{"href":"https:\/\/hydrosteoanimaux.com\/index.php\/wp-json\/wp\/v2\/pages"}],"about":[{"href":"https:\/\/hydrosteoanimaux.com\/index.php\/wp-json\/wp\/v2\/types\/page"}],"author":[{"embeddable":true,"href":"https:\/\/hydrosteoanimaux.com\/index.php\/wp-json\/wp\/v2\/users\/1"}],"replies":[{"embeddable":true,"href":"https:\/\/hydrosteoanimaux.com\/index.php\/wp-json\/wp\/v2\/comments?post=267"}],"version-history":[{"count":40,"href":"https:\/\/hydrosteoanimaux.com\/index.php\/wp-json\/wp\/v2\/pages\/267\/revisions"}],"predecessor-version":[{"id":935,"href":"https:\/\/hydrosteoanimaux.com\/index.php\/wp-json\/wp\/v2\/pages\/267\/revisions\/935"}],"wp:attachment":[{"href":"https:\/\/hydrosteoanimaux.com\/index.php\/wp-json\/wp\/v2\/media?parent=267"}],"curies":[{"name":"wp","href":"https:\/\/api.w.org\/{rel}","templated":true}]}}