{"id":208,"date":"2020-02-23T19:20:46","date_gmt":"2020-02-23T18:20:46","guid":{"rendered":"https:\/\/hydrosteoanimaux.com\/?page_id=208"},"modified":"2025-03-25T08:59:11","modified_gmt":"2025-03-25T07:59:11","slug":"taping","status":"publish","type":"page","link":"https:\/\/hydrosteoanimaux.com\/index.php\/taping\/","title":{"rendered":"Taping"},"content":{"rendered":"\t\t<div data-elementor-type=\"wp-post\" data-elementor-id=\"208\" class=\"elementor elementor-208\">\n\t\t\t\t\t\t<section class=\"elementor-section elementor-top-section elementor-element elementor-element-885bd87 elementor-section-full_width elementor-section-height-default elementor-section-height-default\" data-id=\"885bd87\" data-element_type=\"section\">\n\t\t\t\t\t\t<div class=\"elementor-container elementor-column-gap-default\">\n\t\t\t\t\t<div class=\"elementor-column elementor-col-100 elementor-top-column elementor-element elementor-element-95dd613\" data-id=\"95dd613\" data-element_type=\"column\">\n\t\t\t<div class=\"elementor-widget-wrap elementor-element-populated\">\n\t\t\t\t\t\t<div class=\"elementor-element elementor-element-48a69e4 elementor-widget elementor-widget-wp-widget-maxmegamenu\" data-id=\"48a69e4\" data-element_type=\"widget\" data-widget_type=\"wp-widget-maxmegamenu.default\">\n\t\t\t\t<div class=\"elementor-widget-container\">\n\t\t\t\t\t<div id=\"mega-menu-wrap-max_mega_menu_1\" class=\"mega-menu-wrap\"><div class=\"mega-menu-toggle\"><div class=\"mega-toggle-blocks-left\"><\/div><div class=\"mega-toggle-blocks-center\"><\/div><div class=\"mega-toggle-blocks-right\"><div class='mega-toggle-block mega-menu-toggle-animated-block mega-toggle-block-0' id='mega-toggle-block-0'><button aria-label=\"Toggle Menu\" class=\"mega-toggle-animated mega-toggle-animated-slider\" type=\"button\" aria-expanded=\"false\">\n                  <span class=\"mega-toggle-animated-box\">\n                    <span class=\"mega-toggle-animated-inner\"><\/span>\n                  <\/span>\n                <\/button><\/div><\/div><\/div><ul id=\"mega-menu-max_mega_menu_1\" class=\"mega-menu max-mega-menu mega-menu-horizontal mega-no-js\" data-event=\"hover_intent\" data-effect=\"fade_up\" data-effect-speed=\"200\" data-effect-mobile=\"disabled\" data-effect-speed-mobile=\"0\" data-mobile-force-width=\"false\" data-second-click=\"go\" data-document-click=\"collapse\" data-vertical-behaviour=\"standard\" data-breakpoint=\"768\" data-unbind=\"true\" data-mobile-state=\"collapse_all\" data-mobile-direction=\"vertical\" data-hover-intent-timeout=\"300\" data-hover-intent-interval=\"100\"><li class='mega-menu-item mega-menu-item-type-post_type mega-menu-item-object-page mega-menu-item-home mega-menu-item-has-children mega-align-bottom-left mega-menu-flyout mega-menu-item-117 menu-item' id='mega-menu-item-117'><a class=\"mega-menu-link\" href=\"https:\/\/hydrosteoanimaux.com\/\" aria-expanded=\"false\" tabindex=\"0\">Home<span class=\"mega-indicator\"><\/span><\/a>\n<ul class=\"mega-sub-menu\">\n<li class='mega-menu-item mega-menu-item-type-post_type mega-menu-item-object-page mega-menu-item-118 menu-item' id='mega-menu-item-118'><a class=\"mega-menu-link\" href=\"https:\/\/hydrosteoanimaux.com\/index.php\/cindy-mollard\/\">Cindy Douce<\/a><\/li><\/ul>\n<\/li><li class='mega-menu-item mega-menu-item-type-post_type mega-menu-item-object-page mega-menu-item-has-children mega-align-bottom-left mega-menu-flyout mega-menu-item-128 menu-item' id='mega-menu-item-128'><a class=\"mega-menu-link\" href=\"https:\/\/hydrosteoanimaux.com\/index.php\/hydrotherapie\/\" aria-expanded=\"false\" tabindex=\"0\">Hydroth\u00e9rapie<span class=\"mega-indicator\"><\/span><\/a>\n<ul class=\"mega-sub-menu\">\n<li class='mega-menu-item mega-menu-item-type-post_type mega-menu-item-object-page mega-menu-item-134 menu-item' id='mega-menu-item-134'><a class=\"mega-menu-link\" href=\"https:\/\/hydrosteoanimaux.com\/index.php\/hydrotherapie-avant-une-seance\/\">Avant une s\u00e9ance<\/a><\/li><li class='mega-menu-item mega-menu-item-type-post_type mega-menu-item-object-page mega-menu-item-143 menu-item' id='mega-menu-item-143'><a class=\"mega-menu-link\" href=\"https:\/\/hydrosteoanimaux.com\/index.php\/hydrotherapie-deroulement-dune-seance\/\">D\u00e9roulement d'une s\u00e9ance<\/a><\/li><\/ul>\n<\/li><li class='mega-menu-item mega-menu-item-type-post_type mega-menu-item-object-page mega-menu-item-has-children mega-align-bottom-left mega-menu-flyout mega-menu-item-174 menu-item' id='mega-menu-item-174'><a class=\"mega-menu-link\" href=\"https:\/\/hydrosteoanimaux.com\/index.php\/osteopathie\/\" aria-expanded=\"false\" tabindex=\"0\">Ost\u00e9opathie<span class=\"mega-indicator\"><\/span><\/a>\n<ul class=\"mega-sub-menu\">\n<li class='mega-menu-item mega-menu-item-type-post_type mega-menu-item-object-page mega-menu-item-177 menu-item' id='mega-menu-item-177'><a class=\"mega-menu-link\" href=\"https:\/\/hydrosteoanimaux.com\/index.php\/osteopathie-deroulement-dune-seance\/\">Ost\u00e9opathie - d\u00e9roulement d'une s\u00e9ance<\/a><\/li><\/ul>\n<\/li><li class='mega-menu-item mega-menu-item-type-post_type mega-menu-item-object-page mega-menu-item-has-children mega-align-bottom-left mega-menu-flyout mega-menu-item-193 menu-item' id='mega-menu-item-193'><a class=\"mega-menu-link\" href=\"https:\/\/hydrosteoanimaux.com\/index.php\/pathologies\/\" aria-expanded=\"false\" tabindex=\"0\">Pathologies<span class=\"mega-indicator\"><\/span><\/a>\n<ul class=\"mega-sub-menu\">\n<li class='mega-menu-item mega-menu-item-type-post_type mega-menu-item-object-page mega-menu-item-192 menu-item' id='mega-menu-item-192'><a class=\"mega-menu-link\" href=\"https:\/\/hydrosteoanimaux.com\/index.php\/tendinite\/\">Tendinite<\/a><\/li><li class='mega-menu-item mega-menu-item-type-post_type mega-menu-item-object-page mega-menu-item-201 menu-item' id='mega-menu-item-201'><a class=\"mega-menu-link\" href=\"https:\/\/hydrosteoanimaux.com\/index.php\/dysplasie\/\">Dysplasie<\/a><\/li><\/ul>\n<\/li><li class='mega-menu-item mega-menu-item-type-post_type mega-menu-item-object-page mega-align-bottom-left mega-menu-flyout mega-menu-item-207 menu-item' id='mega-menu-item-207'><a class=\"mega-menu-link\" href=\"https:\/\/hydrosteoanimaux.com\/index.php\/thermographie\/\" tabindex=\"0\">Thermographie<\/a><\/li><li class='mega-menu-item mega-menu-item-type-post_type mega-menu-item-object-page mega-align-bottom-left mega-menu-flyout mega-menu-item-214 menu-item' id='mega-menu-item-214'><a class=\"mega-menu-link\" href=\"https:\/\/hydrosteoanimaux.com\/index.php\/taping\/\" tabindex=\"0\">Taping<\/a><\/li><li class='mega-menu-item mega-menu-item-type-post_type mega-menu-item-object-page mega-align-bottom-left mega-menu-flyout mega-menu-item-400 menu-item' id='mega-menu-item-400'><a class=\"mega-menu-link\" href=\"https:\/\/hydrosteoanimaux.com\/index.php\/location-rolls-dog\/\" tabindex=\"0\">Location Roll's Dog<\/a><\/li><li class='mega-menu-item mega-menu-item-type-post_type mega-menu-item-object-page mega-align-bottom-left mega-menu-flyout mega-menu-item-221 menu-item' id='mega-menu-item-221'><a class=\"mega-menu-link\" href=\"https:\/\/hydrosteoanimaux.com\/index.php\/especes-traitees\/\" tabindex=\"0\">Esp\u00e8ces trait\u00e9es<\/a><\/li><li class='mega-menu-item mega-menu-item-type-post_type mega-menu-item-object-page mega-align-bottom-left mega-menu-flyout mega-menu-item-249 menu-item' id='mega-menu-item-249'><a class=\"mega-menu-link\" href=\"https:\/\/hydrosteoanimaux.com\/index.php\/mes-patients\/\" tabindex=\"0\">Mes patients<\/a><\/li><li class='mega-menu-item mega-menu-item-type-post_type mega-menu-item-object-page mega-align-bottom-left mega-menu-flyout mega-menu-item-166 menu-item' id='mega-menu-item-166'><a class=\"mega-menu-link\" href=\"https:\/\/hydrosteoanimaux.com\/index.php\/livre-dor\/\" tabindex=\"0\">Livre d'or<\/a><\/li><li class='mega-menu-item mega-menu-item-type-post_type mega-menu-item-object-page mega-align-bottom-left mega-menu-flyout mega-menu-item-254 menu-item' id='mega-menu-item-254'><a class=\"mega-menu-link\" href=\"https:\/\/hydrosteoanimaux.com\/index.php\/contact\/\" tabindex=\"0\">Contact<\/a><\/li><li class='mega-menu-item mega-menu-item-type-post_type mega-menu-item-object-page mega-align-bottom-left mega-menu-flyout mega-menu-item-266 menu-item' id='mega-menu-item-266'><a class=\"mega-menu-link\" href=\"https:\/\/hydrosteoanimaux.com\/index.php\/articles\/\" tabindex=\"0\">Articles<\/a><\/li><li class='mega-menu-item mega-menu-item-type-post_type mega-menu-item-object-page mega-align-bottom-left mega-menu-flyout mega-menu-item-271 menu-item' id='mega-menu-item-271'><a class=\"mega-menu-link\" href=\"https:\/\/hydrosteoanimaux.com\/index.php\/tarifs\/\" tabindex=\"0\">Tarifs<\/a><\/li><li class='mega-menu-item mega-menu-item-type-post_type mega-menu-item-object-page mega-align-bottom-left mega-menu-flyout mega-menu-item-119 menu-item' id='mega-menu-item-119'><a class=\"mega-menu-link\" href=\"https:\/\/hydrosteoanimaux.com\/index.php\/bon-a-savoir\/\" tabindex=\"0\">Bon \u00e0 savoir<\/a><\/li><\/ul><\/div>\t\t\t\t<\/div>\n\t\t\t\t<\/div>\n\t\t\t\t\t<\/div>\n\t\t<\/div>\n\t\t\t\t\t<\/div>\n\t\t<\/section>\n\t\t\t\t<section class=\"elementor-section elementor-top-section elementor-element elementor-element-2d9cba9 elementor-section-boxed elementor-section-height-default elementor-section-height-default\" data-id=\"2d9cba9\" data-element_type=\"section\">\n\t\t\t\t\t\t<div class=\"elementor-container elementor-column-gap-default\">\n\t\t\t\t\t<div class=\"elementor-column elementor-col-100 elementor-top-column elementor-element elementor-element-52220a7\" data-id=\"52220a7\" data-element_type=\"column\">\n\t\t\t<div class=\"elementor-widget-wrap elementor-element-populated\">\n\t\t\t\t\t\t<div class=\"elementor-element elementor-element-7527d3a elementor-widget elementor-widget-spacer\" data-id=\"7527d3a\" data-element_type=\"widget\" data-widget_type=\"spacer.default\">\n\t\t\t\t<div class=\"elementor-widget-container\">\n\t\t\t\t\t\t\t<div class=\"elementor-spacer\">\n\t\t\t<div class=\"elementor-spacer-inner\"><\/div>\n\t\t<\/div>\n\t\t\t\t\t\t<\/div>\n\t\t\t\t<\/div>\n\t\t\t\t\t<\/div>\n\t\t<\/div>\n\t\t\t\t\t<\/div>\n\t\t<\/section>\n\t\t\t\t<section class=\"elementor-section elementor-top-section elementor-element elementor-element-bc3bcdc elementor-section-height-min-height elementor-section-boxed elementor-section-height-default elementor-section-items-middle\" data-id=\"bc3bcdc\" data-element_type=\"section\" data-settings=\"{&quot;background_background&quot;:&quot;classic&quot;}\">\n\t\t\t\t\t\t<div class=\"elementor-container elementor-column-gap-default\">\n\t\t\t\t\t<div class=\"elementor-column elementor-col-100 elementor-top-column elementor-element elementor-element-e3900b6\" data-id=\"e3900b6\" data-element_type=\"column\">\n\t\t\t<div class=\"elementor-widget-wrap elementor-element-populated\">\n\t\t\t\t\t\t<section class=\"elementor-section elementor-inner-section elementor-element elementor-element-6e80fda elementor-section-height-min-height elementor-section-content-middle elementor-section-boxed elementor-section-height-default\" data-id=\"6e80fda\" data-element_type=\"section\" data-settings=\"{&quot;background_background&quot;:&quot;classic&quot;}\">\n\t\t\t\t\t\t<div class=\"elementor-container elementor-column-gap-default\">\n\t\t\t\t\t<div class=\"elementor-column elementor-col-50 elementor-inner-column elementor-element elementor-element-f7ba13e\" data-id=\"f7ba13e\" data-element_type=\"column\">\n\t\t\t<div class=\"elementor-widget-wrap elementor-element-populated\">\n\t\t\t\t\t\t<div class=\"elementor-element elementor-element-b5424b0 elementor-widget elementor-widget-image\" data-id=\"b5424b0\" data-element_type=\"widget\" data-widget_type=\"image.default\">\n\t\t\t\t<div class=\"elementor-widget-container\">\n\t\t\t\t\t\t\t\t\t\t\t\t\t\t\t<img fetchpriority=\"high\" decoding=\"async\" width=\"300\" height=\"168\" src=\"https:\/\/hydrosteoanimaux.com\/wp-content\/uploads\/2025\/03\/logo-gauche-300x168.jpg\" class=\"attachment-medium size-medium wp-image-810\" alt=\"\" srcset=\"https:\/\/hydrosteoanimaux.com\/wp-content\/uploads\/2025\/03\/logo-gauche-300x168.jpg 300w, https:\/\/hydrosteoanimaux.com\/wp-content\/uploads\/2025\/03\/logo-gauche.jpg 371w\" sizes=\"100vw\" \/>\t\t\t\t\t\t\t\t\t\t\t\t\t\t\t<\/div>\n\t\t\t\t<\/div>\n\t\t\t\t\t<\/div>\n\t\t<\/div>\n\t\t\t\t<div class=\"elementor-column elementor-col-50 elementor-inner-column elementor-element elementor-element-d0925e6\" data-id=\"d0925e6\" data-element_type=\"column\">\n\t\t\t<div class=\"elementor-widget-wrap elementor-element-populated\">\n\t\t\t\t\t\t<div class=\"elementor-element elementor-element-96e1d37 elementor-widget elementor-widget-image\" data-id=\"96e1d37\" data-element_type=\"widget\" data-widget_type=\"image.default\">\n\t\t\t\t<div class=\"elementor-widget-container\">\n\t\t\t\t\t\t\t\t\t\t\t\t\t\t\t<img decoding=\"async\" width=\"183\" height=\"240\" src=\"https:\/\/hydrosteoanimaux.com\/wp-content\/uploads\/2025\/03\/taping.jpg\" class=\"attachment-medium size-medium wp-image-900\" alt=\"\" sizes=\"100vw\" \/>\t\t\t\t\t\t\t\t\t\t\t\t\t\t\t<\/div>\n\t\t\t\t<\/div>\n\t\t\t\t\t<\/div>\n\t\t<\/div>\n\t\t\t\t\t<\/div>\n\t\t<\/section>\n\t\t\t\t\t<\/div>\n\t\t<\/div>\n\t\t\t\t\t<\/div>\n\t\t<\/section>\n\t\t\t\t<section class=\"elementor-section elementor-top-section elementor-element elementor-element-2299417 elementor-section-boxed elementor-section-height-default elementor-section-height-default\" data-id=\"2299417\" data-element_type=\"section\">\n\t\t\t\t\t\t<div class=\"elementor-container elementor-column-gap-default\">\n\t\t\t\t\t<div class=\"elementor-column elementor-col-100 elementor-top-column elementor-element elementor-element-ac14544\" data-id=\"ac14544\" data-element_type=\"column\">\n\t\t\t<div class=\"elementor-widget-wrap elementor-element-populated\">\n\t\t\t\t\t\t<div class=\"elementor-element elementor-element-7212169 elementor-widget elementor-widget-spacer\" data-id=\"7212169\" data-element_type=\"widget\" data-widget_type=\"spacer.default\">\n\t\t\t\t<div class=\"elementor-widget-container\">\n\t\t\t\t\t\t\t<div class=\"elementor-spacer\">\n\t\t\t<div class=\"elementor-spacer-inner\"><\/div>\n\t\t<\/div>\n\t\t\t\t\t\t<\/div>\n\t\t\t\t<\/div>\n\t\t\t\t\t<\/div>\n\t\t<\/div>\n\t\t\t\t\t<\/div>\n\t\t<\/section>\n\t\t\t\t<section class=\"elementor-section elementor-top-section elementor-element elementor-element-bbcedad elementor-section-boxed elementor-section-height-default elementor-section-height-default\" data-id=\"bbcedad\" data-element_type=\"section\" data-settings=\"{&quot;background_background&quot;:&quot;classic&quot;}\">\n\t\t\t\t\t\t<div class=\"elementor-container elementor-column-gap-default\">\n\t\t\t\t\t<div class=\"elementor-column elementor-col-100 elementor-top-column elementor-element elementor-element-a931e18\" data-id=\"a931e18\" data-element_type=\"column\">\n\t\t\t<div class=\"elementor-widget-wrap elementor-element-populated\">\n\t\t\t\t\t\t<div class=\"elementor-element elementor-element-3aa99b2 elementor-widget elementor-widget-heading\" data-id=\"3aa99b2\" data-element_type=\"widget\" data-widget_type=\"heading.default\">\n\t\t\t\t<div class=\"elementor-widget-container\">\n\t\t\t\t\t<h2 class=\"elementor-heading-title elementor-size-default\">Taping<\/h2>\t\t\t\t<\/div>\n\t\t\t\t<\/div>\n\t\t\t\t<div class=\"elementor-element elementor-element-999667f elementor-widget elementor-widget-text-editor\" data-id=\"999667f\" data-element_type=\"widget\" data-widget_type=\"text-editor.default\">\n\t\t\t\t<div class=\"elementor-widget-container\">\n\t\t\t\t\t\t\t\t\t<p><span style=\"color: #333333;\">Le taping c&rsquo;est quoi?<\/span><\/p><p><span style=\"color: #333333;\">L&rsquo;id\u00e9e est d&rsquo;influer, \u00e0 l&rsquo;aide des r\u00e9cepteurs de la peau, sur les propriocepteurs, les muscles, les ligamants et donc sur les fonctions du corps en activant des stimulis proprioceptifs \u00e0 l&rsquo;aide de th\u00e9rapie manuelle en l&rsquo;occurrence l&rsquo;ost\u00e9opatie et de syst\u00e8me de bandes \u00e9lastiques. <\/span><br \/><span style=\"color: #333333;\">Ces bandes \u00e9lastiques sont d&rsquo;une qualit\u00e9 qui permet de maintenir leurs travailles sur plusieurs jours tout en \u00e9tant soumissent \u00e0 des changements important.<\/span><br \/><span style=\"color: #333333;\">De plus ces bandes \u00e9lastiques existent en quatres couleurs qui permette de travaille en plus avec la chromath\u00e9rapie permettant avec du rouge d&rsquo;active, stimuler une zone, un muscle&#8230; Alors que le bleu permettra de calmer, d\u00e9tendre.<\/span><\/p>\t\t\t\t\t\t\t\t<\/div>\n\t\t\t\t<\/div>\n\t\t\t\t<div class=\"elementor-element elementor-element-c6cc1a3 elementor-widget elementor-widget-image\" data-id=\"c6cc1a3\" data-element_type=\"widget\" data-widget_type=\"image.default\">\n\t\t\t\t<div class=\"elementor-widget-container\">\n\t\t\t\t\t\t\t\t\t\t\t\t\t\t\t<img decoding=\"async\" width=\"228\" height=\"171\" src=\"https:\/\/hydrosteoanimaux.com\/wp-content\/uploads\/2020\/02\/4362289.jpg\" class=\"attachment-large size-large wp-image-211\" alt=\"\" sizes=\"100vw\" \/>\t\t\t\t\t\t\t\t\t\t\t\t\t\t\t<\/div>\n\t\t\t\t<\/div>\n\t\t\t\t<div class=\"elementor-element elementor-element-fbba2e8 elementor-widget elementor-widget-text-editor\" data-id=\"fbba2e8\" data-element_type=\"widget\" data-widget_type=\"text-editor.default\">\n\t\t\t\t<div class=\"elementor-widget-container\">\n\t\t\t\t\t\t\t\t\t<p><span style=\"color: #333333;\">Quand peut-on utilis\u00e9 le taping?<br \/>\u200b<br \/>Pour des d\u00e9chirures musculaires, d\u00e9tentes musculaires, drainages lymphatiques, tendinites, zones douloureuses en compl\u00e9ment d&rsquo;un traitement ost\u00e9opathique, on pourra aussi aider lors d&rsquo;aplomb canieux ou panard, lors de tic, entorse etc&#8230;<br \/>\u200bCette m\u00e9thode va permettre entre autre, de \u00ab\u00a0continuer\u00a0\u00bb l&rsquo;action ost\u00e9opathie sur plusieurs jours apr\u00e8s le traitement, ou de permettre de diminuer le temps de convalescence du sportif.<\/span><\/p>\t\t\t\t\t\t\t\t<\/div>\n\t\t\t\t<\/div>\n\t\t\t\t<div class=\"elementor-element elementor-element-2f01546 elementor-widget elementor-widget-image\" data-id=\"2f01546\" data-element_type=\"widget\" data-widget_type=\"image.default\">\n\t\t\t\t<div class=\"elementor-widget-container\">\n\t\t\t\t\t\t\t\t\t\t\t\t\t\t\t<img loading=\"lazy\" decoding=\"async\" width=\"167\" height=\"369\" src=\"https:\/\/hydrosteoanimaux.com\/wp-content\/uploads\/2020\/02\/1456062120.png\" class=\"attachment-large size-large wp-image-212\" alt=\"\" srcset=\"https:\/\/hydrosteoanimaux.com\/wp-content\/uploads\/2020\/02\/1456062120.png 167w, https:\/\/hydrosteoanimaux.com\/wp-content\/uploads\/2020\/02\/1456062120-136x300.png 136w\" sizes=\"100vw\" \/>\t\t\t\t\t\t\t\t\t\t\t\t\t\t\t<\/div>\n\t\t\t\t<\/div>\n\t\t\t\t\t<\/div>\n\t\t<\/div>\n\t\t\t\t\t<\/div>\n\t\t<\/section>\n\t\t\t\t<section class=\"elementor-section elementor-top-section elementor-element elementor-element-253829b elementor-section-boxed elementor-section-height-default elementor-section-height-default\" data-id=\"253829b\" data-element_type=\"section\" data-settings=\"{&quot;background_background&quot;:&quot;classic&quot;}\">\n\t\t\t\t\t\t<div class=\"elementor-container elementor-column-gap-default\">\n\t\t\t\t\t<div class=\"elementor-column elementor-col-100 elementor-top-column elementor-element elementor-element-c483e88\" data-id=\"c483e88\" data-element_type=\"column\">\n\t\t\t<div class=\"elementor-widget-wrap elementor-element-populated\">\n\t\t\t\t\t\t<div class=\"elementor-element elementor-element-bd64531 elementor-widget elementor-widget-text-editor\" data-id=\"bd64531\" data-element_type=\"widget\" data-widget_type=\"text-editor.default\">\n\t\t\t\t<div class=\"elementor-widget-container\">\n\t\t\t\t\t\t\t\t\t<p style=\"text-align: center;\"><span style=\"color: #808080;\"><span style=\"color: #e3ceac;\">Copyright &#8211; hydrosteoanimaux.com<\/span><\/span><\/p>\t\t\t\t\t\t\t\t<\/div>\n\t\t\t\t<\/div>\n\t\t\t\t\t<\/div>\n\t\t<\/div>\n\t\t\t\t\t<\/div>\n\t\t<\/section>\n\t\t\t\t<\/div>\n\t\t","protected":false},"excerpt":{"rendered":"<p>Taping Le taping c&rsquo;est quoi? L&rsquo;id\u00e9e est d&rsquo;influer, \u00e0 l&rsquo;aide des r\u00e9cepteurs de la peau, sur les propriocepteurs, les muscles, les ligamants et donc sur les fonctions du corps en activant des stimulis proprioceptifs \u00e0 l&rsquo;aide de th\u00e9rapie manuelle en l&rsquo;occurrence l&rsquo;ost\u00e9opatie et de syst\u00e8me de bandes \u00e9lastiques. Ces bandes \u00e9lastiques sont d&rsquo;une qualit\u00e9 qui &hellip; <\/p>\n<p class=\"link-more\"><a href=\"https:\/\/hydrosteoanimaux.com\/index.php\/taping\/\" class=\"more-link\">Continuer la lecture<span class=\"screen-reader-text\"> de &laquo;&nbsp;Taping&nbsp;&raquo;<\/span><\/a><\/p>\n","protected":false},"author":1,"featured_media":0,"parent":0,"menu_order":0,"comment_status":"closed","ping_status":"closed","template":"elementor_canvas","meta":{"footnotes":""},"class_list":["post-208","page","type-page","status-publish","hentry"],"_links":{"self":[{"href":"https:\/\/hydrosteoanimaux.com\/index.php\/wp-json\/wp\/v2\/pages\/208","targetHints":{"allow":["GET"]}}],"collection":[{"href":"https:\/\/hydrosteoanimaux.com\/index.php\/wp-json\/wp\/v2\/pages"}],"about":[{"href":"https:\/\/hydrosteoanimaux.com\/index.php\/wp-json\/wp\/v2\/types\/page"}],"author":[{"embeddable":true,"href":"https:\/\/hydrosteoanimaux.com\/index.php\/wp-json\/wp\/v2\/users\/1"}],"replies":[{"embeddable":true,"href":"https:\/\/hydrosteoanimaux.com\/index.php\/wp-json\/wp\/v2\/comments?post=208"}],"version-history":[{"count":13,"href":"https:\/\/hydrosteoanimaux.com\/index.php\/wp-json\/wp\/v2\/pages\/208\/revisions"}],"predecessor-version":[{"id":903,"href":"https:\/\/hydrosteoanimaux.com\/index.php\/wp-json\/wp\/v2\/pages\/208\/revisions\/903"}],"wp:attachment":[{"href":"https:\/\/hydrosteoanimaux.com\/index.php\/wp-json\/wp\/v2\/media?parent=208"}],"curies":[{"name":"wp","href":"https:\/\/api.w.org\/{rel}","templated":true}]}}