{"id":139,"date":"2020-02-22T21:23:34","date_gmt":"2020-02-22T20:23:34","guid":{"rendered":"https:\/\/hydrosteoanimaux.com\/?page_id=139"},"modified":"2025-03-25T08:51:57","modified_gmt":"2025-03-25T07:51:57","slug":"hydrotherapie-deroulement-dune-seance","status":"publish","type":"page","link":"https:\/\/hydrosteoanimaux.com\/index.php\/hydrotherapie-deroulement-dune-seance\/","title":{"rendered":"Hydroth\u00e9rapie &#8211; d\u00e9roulement d&rsquo;une s\u00e9ance"},"content":{"rendered":"\t\t<div data-elementor-type=\"wp-post\" data-elementor-id=\"139\" class=\"elementor elementor-139\">\n\t\t\t\t\t\t<section class=\"elementor-section elementor-top-section elementor-element elementor-element-95a22e1 elementor-section-full_width elementor-section-height-default elementor-section-height-default\" data-id=\"95a22e1\" data-element_type=\"section\">\n\t\t\t\t\t\t<div class=\"elementor-container elementor-column-gap-default\">\n\t\t\t\t\t<div class=\"elementor-column elementor-col-100 elementor-top-column elementor-element elementor-element-3cb4e5d\" data-id=\"3cb4e5d\" data-element_type=\"column\">\n\t\t\t<div class=\"elementor-widget-wrap elementor-element-populated\">\n\t\t\t\t\t\t<div class=\"elementor-element elementor-element-151449c elementor-widget elementor-widget-wp-widget-maxmegamenu\" data-id=\"151449c\" data-element_type=\"widget\" data-widget_type=\"wp-widget-maxmegamenu.default\">\n\t\t\t\t<div class=\"elementor-widget-container\">\n\t\t\t\t\t<div id=\"mega-menu-wrap-max_mega_menu_1\" class=\"mega-menu-wrap\"><div class=\"mega-menu-toggle\"><div class=\"mega-toggle-blocks-left\"><\/div><div class=\"mega-toggle-blocks-center\"><\/div><div class=\"mega-toggle-blocks-right\"><div class='mega-toggle-block mega-menu-toggle-animated-block mega-toggle-block-0' id='mega-toggle-block-0'><button aria-label=\"Toggle Menu\" class=\"mega-toggle-animated mega-toggle-animated-slider\" type=\"button\" aria-expanded=\"false\">\n                  <span class=\"mega-toggle-animated-box\">\n                    <span class=\"mega-toggle-animated-inner\"><\/span>\n                  <\/span>\n                <\/button><\/div><\/div><\/div><ul id=\"mega-menu-max_mega_menu_1\" class=\"mega-menu max-mega-menu mega-menu-horizontal mega-no-js\" data-event=\"hover_intent\" data-effect=\"fade_up\" data-effect-speed=\"200\" data-effect-mobile=\"disabled\" data-effect-speed-mobile=\"0\" data-mobile-force-width=\"false\" data-second-click=\"go\" data-document-click=\"collapse\" data-vertical-behaviour=\"standard\" data-breakpoint=\"768\" data-unbind=\"true\" data-mobile-state=\"collapse_all\" data-mobile-direction=\"vertical\" data-hover-intent-timeout=\"300\" data-hover-intent-interval=\"100\"><li class='mega-menu-item mega-menu-item-type-post_type mega-menu-item-object-page mega-menu-item-home mega-menu-item-has-children mega-align-bottom-left mega-menu-flyout mega-menu-item-117 menu-item' id='mega-menu-item-117'><a class=\"mega-menu-link\" href=\"https:\/\/hydrosteoanimaux.com\/\" aria-expanded=\"false\" tabindex=\"0\">Home<span class=\"mega-indicator\"><\/span><\/a>\n<ul class=\"mega-sub-menu\">\n<li class='mega-menu-item mega-menu-item-type-post_type mega-menu-item-object-page mega-menu-item-118 menu-item' id='mega-menu-item-118'><a class=\"mega-menu-link\" href=\"https:\/\/hydrosteoanimaux.com\/index.php\/cindy-mollard\/\">Cindy Douce<\/a><\/li><\/ul>\n<\/li><li class='mega-menu-item mega-menu-item-type-post_type mega-menu-item-object-page mega-menu-item-has-children mega-align-bottom-left mega-menu-flyout mega-menu-item-128 menu-item' id='mega-menu-item-128'><a class=\"mega-menu-link\" href=\"https:\/\/hydrosteoanimaux.com\/index.php\/hydrotherapie\/\" aria-expanded=\"false\" tabindex=\"0\">Hydroth\u00e9rapie<span class=\"mega-indicator\"><\/span><\/a>\n<ul class=\"mega-sub-menu\">\n<li class='mega-menu-item mega-menu-item-type-post_type mega-menu-item-object-page mega-menu-item-134 menu-item' id='mega-menu-item-134'><a class=\"mega-menu-link\" href=\"https:\/\/hydrosteoanimaux.com\/index.php\/hydrotherapie-avant-une-seance\/\">Avant une s\u00e9ance<\/a><\/li><li class='mega-menu-item mega-menu-item-type-post_type mega-menu-item-object-page mega-menu-item-143 menu-item' id='mega-menu-item-143'><a class=\"mega-menu-link\" href=\"https:\/\/hydrosteoanimaux.com\/index.php\/hydrotherapie-deroulement-dune-seance\/\">D\u00e9roulement d'une s\u00e9ance<\/a><\/li><\/ul>\n<\/li><li class='mega-menu-item mega-menu-item-type-post_type mega-menu-item-object-page mega-menu-item-has-children mega-align-bottom-left mega-menu-flyout mega-menu-item-174 menu-item' id='mega-menu-item-174'><a class=\"mega-menu-link\" href=\"https:\/\/hydrosteoanimaux.com\/index.php\/osteopathie\/\" aria-expanded=\"false\" tabindex=\"0\">Ost\u00e9opathie<span class=\"mega-indicator\"><\/span><\/a>\n<ul class=\"mega-sub-menu\">\n<li class='mega-menu-item mega-menu-item-type-post_type mega-menu-item-object-page mega-menu-item-177 menu-item' id='mega-menu-item-177'><a class=\"mega-menu-link\" href=\"https:\/\/hydrosteoanimaux.com\/index.php\/osteopathie-deroulement-dune-seance\/\">Ost\u00e9opathie - d\u00e9roulement d'une s\u00e9ance<\/a><\/li><\/ul>\n<\/li><li class='mega-menu-item mega-menu-item-type-post_type mega-menu-item-object-page mega-menu-item-has-children mega-align-bottom-left mega-menu-flyout mega-menu-item-193 menu-item' id='mega-menu-item-193'><a class=\"mega-menu-link\" href=\"https:\/\/hydrosteoanimaux.com\/index.php\/pathologies\/\" aria-expanded=\"false\" tabindex=\"0\">Pathologies<span class=\"mega-indicator\"><\/span><\/a>\n<ul class=\"mega-sub-menu\">\n<li class='mega-menu-item mega-menu-item-type-post_type mega-menu-item-object-page mega-menu-item-192 menu-item' id='mega-menu-item-192'><a class=\"mega-menu-link\" href=\"https:\/\/hydrosteoanimaux.com\/index.php\/tendinite\/\">Tendinite<\/a><\/li><li class='mega-menu-item mega-menu-item-type-post_type mega-menu-item-object-page mega-menu-item-201 menu-item' id='mega-menu-item-201'><a class=\"mega-menu-link\" href=\"https:\/\/hydrosteoanimaux.com\/index.php\/dysplasie\/\">Dysplasie<\/a><\/li><\/ul>\n<\/li><li class='mega-menu-item mega-menu-item-type-post_type mega-menu-item-object-page mega-align-bottom-left mega-menu-flyout mega-menu-item-207 menu-item' id='mega-menu-item-207'><a class=\"mega-menu-link\" href=\"https:\/\/hydrosteoanimaux.com\/index.php\/thermographie\/\" tabindex=\"0\">Thermographie<\/a><\/li><li class='mega-menu-item mega-menu-item-type-post_type mega-menu-item-object-page mega-align-bottom-left mega-menu-flyout mega-menu-item-214 menu-item' id='mega-menu-item-214'><a class=\"mega-menu-link\" href=\"https:\/\/hydrosteoanimaux.com\/index.php\/taping\/\" tabindex=\"0\">Taping<\/a><\/li><li class='mega-menu-item mega-menu-item-type-post_type mega-menu-item-object-page mega-align-bottom-left mega-menu-flyout mega-menu-item-400 menu-item' id='mega-menu-item-400'><a class=\"mega-menu-link\" href=\"https:\/\/hydrosteoanimaux.com\/index.php\/location-rolls-dog\/\" tabindex=\"0\">Location Roll's Dog<\/a><\/li><li class='mega-menu-item mega-menu-item-type-post_type mega-menu-item-object-page mega-align-bottom-left mega-menu-flyout mega-menu-item-221 menu-item' id='mega-menu-item-221'><a class=\"mega-menu-link\" href=\"https:\/\/hydrosteoanimaux.com\/index.php\/especes-traitees\/\" tabindex=\"0\">Esp\u00e8ces trait\u00e9es<\/a><\/li><li class='mega-menu-item mega-menu-item-type-post_type mega-menu-item-object-page mega-align-bottom-left mega-menu-flyout mega-menu-item-249 menu-item' id='mega-menu-item-249'><a class=\"mega-menu-link\" href=\"https:\/\/hydrosteoanimaux.com\/index.php\/mes-patients\/\" tabindex=\"0\">Mes patients<\/a><\/li><li class='mega-menu-item mega-menu-item-type-post_type mega-menu-item-object-page mega-align-bottom-left mega-menu-flyout mega-menu-item-166 menu-item' id='mega-menu-item-166'><a class=\"mega-menu-link\" href=\"https:\/\/hydrosteoanimaux.com\/index.php\/livre-dor\/\" tabindex=\"0\">Livre d'or<\/a><\/li><li class='mega-menu-item mega-menu-item-type-post_type mega-menu-item-object-page mega-align-bottom-left mega-menu-flyout mega-menu-item-254 menu-item' id='mega-menu-item-254'><a class=\"mega-menu-link\" href=\"https:\/\/hydrosteoanimaux.com\/index.php\/contact\/\" tabindex=\"0\">Contact<\/a><\/li><li class='mega-menu-item mega-menu-item-type-post_type mega-menu-item-object-page mega-align-bottom-left mega-menu-flyout mega-menu-item-266 menu-item' id='mega-menu-item-266'><a class=\"mega-menu-link\" href=\"https:\/\/hydrosteoanimaux.com\/index.php\/articles\/\" tabindex=\"0\">Articles<\/a><\/li><li class='mega-menu-item mega-menu-item-type-post_type mega-menu-item-object-page mega-align-bottom-left mega-menu-flyout mega-menu-item-271 menu-item' id='mega-menu-item-271'><a class=\"mega-menu-link\" href=\"https:\/\/hydrosteoanimaux.com\/index.php\/tarifs\/\" tabindex=\"0\">Tarifs<\/a><\/li><li class='mega-menu-item mega-menu-item-type-post_type mega-menu-item-object-page mega-align-bottom-left mega-menu-flyout mega-menu-item-119 menu-item' id='mega-menu-item-119'><a class=\"mega-menu-link\" href=\"https:\/\/hydrosteoanimaux.com\/index.php\/bon-a-savoir\/\" tabindex=\"0\">Bon \u00e0 savoir<\/a><\/li><\/ul><\/div>\t\t\t\t<\/div>\n\t\t\t\t<\/div>\n\t\t\t\t\t<\/div>\n\t\t<\/div>\n\t\t\t\t\t<\/div>\n\t\t<\/section>\n\t\t\t\t<section class=\"elementor-section elementor-top-section elementor-element elementor-element-2d9cba9 elementor-section-boxed elementor-section-height-default elementor-section-height-default\" data-id=\"2d9cba9\" data-element_type=\"section\">\n\t\t\t\t\t\t<div class=\"elementor-container elementor-column-gap-default\">\n\t\t\t\t\t<div class=\"elementor-column elementor-col-100 elementor-top-column elementor-element elementor-element-52220a7\" data-id=\"52220a7\" data-element_type=\"column\">\n\t\t\t<div class=\"elementor-widget-wrap elementor-element-populated\">\n\t\t\t\t\t\t<div class=\"elementor-element elementor-element-7527d3a elementor-widget elementor-widget-spacer\" data-id=\"7527d3a\" data-element_type=\"widget\" data-widget_type=\"spacer.default\">\n\t\t\t\t<div class=\"elementor-widget-container\">\n\t\t\t\t\t\t\t<div class=\"elementor-spacer\">\n\t\t\t<div class=\"elementor-spacer-inner\"><\/div>\n\t\t<\/div>\n\t\t\t\t\t\t<\/div>\n\t\t\t\t<\/div>\n\t\t\t\t\t<\/div>\n\t\t<\/div>\n\t\t\t\t\t<\/div>\n\t\t<\/section>\n\t\t\t\t<section class=\"elementor-section elementor-top-section elementor-element elementor-element-01b8eb0 elementor-section-height-min-height elementor-section-boxed elementor-section-height-default elementor-section-items-middle\" data-id=\"01b8eb0\" data-element_type=\"section\" data-settings=\"{&quot;background_background&quot;:&quot;classic&quot;}\">\n\t\t\t\t\t\t<div class=\"elementor-container elementor-column-gap-default\">\n\t\t\t\t\t<div class=\"elementor-column elementor-col-100 elementor-top-column elementor-element elementor-element-f31f5a2\" data-id=\"f31f5a2\" data-element_type=\"column\">\n\t\t\t<div class=\"elementor-widget-wrap elementor-element-populated\">\n\t\t\t\t\t\t<section class=\"elementor-section elementor-inner-section elementor-element elementor-element-72ae4c3 elementor-section-height-min-height elementor-section-content-middle elementor-section-boxed elementor-section-height-default\" data-id=\"72ae4c3\" data-element_type=\"section\" data-settings=\"{&quot;background_background&quot;:&quot;classic&quot;}\">\n\t\t\t\t\t\t<div class=\"elementor-container elementor-column-gap-default\">\n\t\t\t\t\t<div class=\"elementor-column elementor-col-50 elementor-inner-column elementor-element elementor-element-91686c9\" data-id=\"91686c9\" data-element_type=\"column\">\n\t\t\t<div class=\"elementor-widget-wrap elementor-element-populated\">\n\t\t\t\t\t\t<div class=\"elementor-element elementor-element-fde5434 elementor-widget elementor-widget-image\" data-id=\"fde5434\" data-element_type=\"widget\" data-widget_type=\"image.default\">\n\t\t\t\t<div class=\"elementor-widget-container\">\n\t\t\t\t\t\t\t\t\t\t\t\t\t\t\t<img fetchpriority=\"high\" decoding=\"async\" width=\"300\" height=\"168\" src=\"https:\/\/hydrosteoanimaux.com\/wp-content\/uploads\/2025\/03\/logo-gauche-300x168.jpg\" class=\"attachment-medium size-medium wp-image-810\" alt=\"\" srcset=\"https:\/\/hydrosteoanimaux.com\/wp-content\/uploads\/2025\/03\/logo-gauche-300x168.jpg 300w, https:\/\/hydrosteoanimaux.com\/wp-content\/uploads\/2025\/03\/logo-gauche.jpg 371w\" sizes=\"100vw\" \/>\t\t\t\t\t\t\t\t\t\t\t\t\t\t\t<\/div>\n\t\t\t\t<\/div>\n\t\t\t\t\t<\/div>\n\t\t<\/div>\n\t\t\t\t<div class=\"elementor-column elementor-col-50 elementor-inner-column elementor-element elementor-element-1b295f1\" data-id=\"1b295f1\" data-element_type=\"column\">\n\t\t\t<div class=\"elementor-widget-wrap elementor-element-populated\">\n\t\t\t\t\t\t<div class=\"elementor-element elementor-element-be97dd8 elementor-widget elementor-widget-image\" data-id=\"be97dd8\" data-element_type=\"widget\" data-widget_type=\"image.default\">\n\t\t\t\t<div class=\"elementor-widget-container\">\n\t\t\t\t\t\t\t\t\t\t\t\t\t\t\t<img decoding=\"async\" width=\"300\" height=\"169\" src=\"https:\/\/hydrosteoanimaux.com\/wp-content\/uploads\/2020\/02\/2775900-300x169.png\" class=\"attachment-medium size-medium wp-image-125\" alt=\"\" srcset=\"https:\/\/hydrosteoanimaux.com\/wp-content\/uploads\/2020\/02\/2775900-300x169.png 300w, https:\/\/hydrosteoanimaux.com\/wp-content\/uploads\/2020\/02\/2775900.png 327w\" sizes=\"100vw\" \/>\t\t\t\t\t\t\t\t\t\t\t\t\t\t\t<\/div>\n\t\t\t\t<\/div>\n\t\t\t\t\t<\/div>\n\t\t<\/div>\n\t\t\t\t\t<\/div>\n\t\t<\/section>\n\t\t\t\t\t<\/div>\n\t\t<\/div>\n\t\t\t\t\t<\/div>\n\t\t<\/section>\n\t\t\t\t<section class=\"elementor-section elementor-top-section elementor-element elementor-element-2299417 elementor-section-boxed elementor-section-height-default elementor-section-height-default\" data-id=\"2299417\" data-element_type=\"section\">\n\t\t\t\t\t\t<div class=\"elementor-container elementor-column-gap-default\">\n\t\t\t\t\t<div class=\"elementor-column elementor-col-100 elementor-top-column elementor-element elementor-element-ac14544\" data-id=\"ac14544\" data-element_type=\"column\">\n\t\t\t<div class=\"elementor-widget-wrap elementor-element-populated\">\n\t\t\t\t\t\t<div class=\"elementor-element elementor-element-7212169 elementor-widget elementor-widget-spacer\" data-id=\"7212169\" data-element_type=\"widget\" data-widget_type=\"spacer.default\">\n\t\t\t\t<div class=\"elementor-widget-container\">\n\t\t\t\t\t\t\t<div class=\"elementor-spacer\">\n\t\t\t<div class=\"elementor-spacer-inner\"><\/div>\n\t\t<\/div>\n\t\t\t\t\t\t<\/div>\n\t\t\t\t<\/div>\n\t\t\t\t\t<\/div>\n\t\t<\/div>\n\t\t\t\t\t<\/div>\n\t\t<\/section>\n\t\t\t\t<section class=\"elementor-section elementor-top-section elementor-element elementor-element-bbcedad elementor-section-boxed elementor-section-height-default elementor-section-height-default\" data-id=\"bbcedad\" data-element_type=\"section\" data-settings=\"{&quot;background_background&quot;:&quot;classic&quot;}\">\n\t\t\t\t\t\t<div class=\"elementor-container elementor-column-gap-default\">\n\t\t\t\t\t<div class=\"elementor-column elementor-col-100 elementor-top-column elementor-element elementor-element-a931e18\" data-id=\"a931e18\" data-element_type=\"column\">\n\t\t\t<div class=\"elementor-widget-wrap elementor-element-populated\">\n\t\t\t\t\t\t<div class=\"elementor-element elementor-element-3aa99b2 elementor-widget elementor-widget-heading\" data-id=\"3aa99b2\" data-element_type=\"widget\" data-widget_type=\"heading.default\">\n\t\t\t\t<div class=\"elementor-widget-container\">\n\t\t\t\t\t<h2 class=\"elementor-heading-title elementor-size-default\">L'hydroth\u00e9rapie<\/h2>\t\t\t\t<\/div>\n\t\t\t\t<\/div>\n\t\t\t\t<div class=\"elementor-element elementor-element-999667f elementor-widget elementor-widget-text-editor\" data-id=\"999667f\" data-element_type=\"widget\" data-widget_type=\"text-editor.default\">\n\t\t\t\t<div class=\"elementor-widget-container\">\n\t\t\t\t\t\t\t\t\t<p><span style=\"color: #333333;\">L&rsquo;hydroth\u00e9rapie se d\u00e9roule sur plusieurs s\u00e9ances o\u00f9 l&rsquo;on va chercher la performance de l&rsquo;animal, car le but \u00e9tant de muscler pour permettre de supporter une articulation douloureuse.<\/span><\/p><p><span style=\"color: #333333;\">La douleur ne se retrouve pas dans l&rsquo;eau, car l&rsquo;eau permet de soulager l&rsquo;articulation du poids de l&rsquo;animal.<\/span><\/p><p><span style=\"color: #333333;\">Le tapis roulant permet de garder stabilit\u00e9, rythme progressif et suret\u00e9.<\/span><\/p><p><span style=\"color: #333333;\">L&rsquo;animal est plac\u00e9 sur le tapis roulant, puis l&rsquo;eau monte progressivement jusqu&rsquo;au niveau souhait\u00e9, puis le tapis roulant est activ\u00e9 \u00e0 la vitesse souhait\u00e9e.<\/span><\/p>\t\t\t\t\t\t\t\t<\/div>\n\t\t\t\t<\/div>\n\t\t\t\t<div class=\"elementor-element elementor-element-a1b43e7 elementor-widget elementor-widget-image\" data-id=\"a1b43e7\" data-element_type=\"widget\" data-widget_type=\"image.default\">\n\t\t\t\t<div class=\"elementor-widget-container\">\n\t\t\t\t\t\t\t\t\t\t\t\t\t\t\t<img decoding=\"async\" width=\"195\" height=\"300\" src=\"https:\/\/hydrosteoanimaux.com\/wp-content\/uploads\/2021\/05\/thumbnail_SmartSelect_20210501-214212_Photos-195x300.jpg\" class=\"attachment-medium size-medium wp-image-689\" alt=\"\" srcset=\"https:\/\/hydrosteoanimaux.com\/wp-content\/uploads\/2021\/05\/thumbnail_SmartSelect_20210501-214212_Photos-195x300.jpg 195w, https:\/\/hydrosteoanimaux.com\/wp-content\/uploads\/2021\/05\/thumbnail_SmartSelect_20210501-214212_Photos-667x1024.jpg 667w, https:\/\/hydrosteoanimaux.com\/wp-content\/uploads\/2021\/05\/thumbnail_SmartSelect_20210501-214212_Photos-768x1179.jpg 768w, https:\/\/hydrosteoanimaux.com\/wp-content\/uploads\/2021\/05\/thumbnail_SmartSelect_20210501-214212_Photos.jpg 834w\" sizes=\"100vw\" \/>\t\t\t\t\t\t\t\t\t\t\t\t\t\t\t<\/div>\n\t\t\t\t<\/div>\n\t\t\t\t\t<\/div>\n\t\t<\/div>\n\t\t\t\t\t<\/div>\n\t\t<\/section>\n\t\t\t\t<section class=\"elementor-section elementor-top-section elementor-element elementor-element-253829b elementor-section-boxed elementor-section-height-default elementor-section-height-default\" data-id=\"253829b\" data-element_type=\"section\" data-settings=\"{&quot;background_background&quot;:&quot;classic&quot;}\">\n\t\t\t\t\t\t<div class=\"elementor-container elementor-column-gap-default\">\n\t\t\t\t\t<div class=\"elementor-column elementor-col-100 elementor-top-column elementor-element elementor-element-c483e88\" data-id=\"c483e88\" data-element_type=\"column\">\n\t\t\t<div class=\"elementor-widget-wrap elementor-element-populated\">\n\t\t\t\t\t\t<div class=\"elementor-element elementor-element-bd64531 elementor-widget elementor-widget-text-editor\" data-id=\"bd64531\" data-element_type=\"widget\" data-widget_type=\"text-editor.default\">\n\t\t\t\t<div class=\"elementor-widget-container\">\n\t\t\t\t\t\t\t\t\t<p style=\"text-align: center;\"><span style=\"color: #808080;\"><span style=\"color: #e3ceac;\">Copyright &#8211; hydrosteoanimaux.com<\/span><\/span><\/p>\t\t\t\t\t\t\t\t<\/div>\n\t\t\t\t<\/div>\n\t\t\t\t\t<\/div>\n\t\t<\/div>\n\t\t\t\t\t<\/div>\n\t\t<\/section>\n\t\t\t\t<\/div>\n\t\t","protected":false},"excerpt":{"rendered":"<p>L&rsquo;hydroth\u00e9rapie L&rsquo;hydroth\u00e9rapie se d\u00e9roule sur plusieurs s\u00e9ances o\u00f9 l&rsquo;on va chercher la performance de l&rsquo;animal, car le but \u00e9tant de muscler pour permettre de supporter une articulation douloureuse. La douleur ne se retrouve pas dans l&rsquo;eau, car l&rsquo;eau permet de soulager l&rsquo;articulation du poids de l&rsquo;animal. Le tapis roulant permet de garder stabilit\u00e9, rythme progressif &hellip; <\/p>\n<p class=\"link-more\"><a href=\"https:\/\/hydrosteoanimaux.com\/index.php\/hydrotherapie-deroulement-dune-seance\/\" class=\"more-link\">Continuer la lecture<span class=\"screen-reader-text\"> de &laquo;&nbsp;Hydroth\u00e9rapie &#8211; d\u00e9roulement d&rsquo;une s\u00e9ance&nbsp;&raquo;<\/span><\/a><\/p>\n","protected":false},"author":1,"featured_media":0,"parent":0,"menu_order":0,"comment_status":"closed","ping_status":"closed","template":"elementor_canvas","meta":{"footnotes":""},"class_list":["post-139","page","type-page","status-publish","hentry"],"_links":{"self":[{"href":"https:\/\/hydrosteoanimaux.com\/index.php\/wp-json\/wp\/v2\/pages\/139","targetHints":{"allow":["GET"]}}],"collection":[{"href":"https:\/\/hydrosteoanimaux.com\/index.php\/wp-json\/wp\/v2\/pages"}],"about":[{"href":"https:\/\/hydrosteoanimaux.com\/index.php\/wp-json\/wp\/v2\/types\/page"}],"author":[{"embeddable":true,"href":"https:\/\/hydrosteoanimaux.com\/index.php\/wp-json\/wp\/v2\/users\/1"}],"replies":[{"embeddable":true,"href":"https:\/\/hydrosteoanimaux.com\/index.php\/wp-json\/wp\/v2\/comments?post=139"}],"version-history":[{"count":25,"href":"https:\/\/hydrosteoanimaux.com\/index.php\/wp-json\/wp\/v2\/pages\/139\/revisions"}],"predecessor-version":[{"id":874,"href":"https:\/\/hydrosteoanimaux.com\/index.php\/wp-json\/wp\/v2\/pages\/139\/revisions\/874"}],"wp:attachment":[{"href":"https:\/\/hydrosteoanimaux.com\/index.php\/wp-json\/wp\/v2\/media?parent=139"}],"curies":[{"name":"wp","href":"https:\/\/api.w.org\/{rel}","templated":true}]}}